{"id":35,"date":"2021-08-28T09:06:38","date_gmt":"2021-08-28T09:06:38","guid":{"rendered":"https:\/\/artisansgabon.com\/?page_id=35"},"modified":"2021-11-30T11:01:44","modified_gmt":"2021-11-30T11:01:44","slug":"a-propos","status":"publish","type":"page","link":"https:\/\/artisansgabon.com\/home\/a-propos\/","title":{"rendered":"A propos"},"content":{"rendered":"\n<p>Ce site est cr\u00e9\u00e9e dans le but de mettre en relation des personnes en recherche d\u2019un d\u00e9pannage ou \u00e0 la recherche de r\u00e9alisateur(s) de travaux ou ouvrage(s) plus ou moins grands.<\/p>\n\n\n\n<p>Ce site est id\u00e9al en ce qu\u2019il vous pr\u00e9sente des entreprenants de tr\u00e8s hautes qualit\u00e9s capable de d\u00e9livrer des services avec un excellent rapport qualit\u00e9 prix.<\/p>\n\n\n\n<p>Il s\u2019agit d\u2019artisans, ou m\u00e9tiers du genre juste \u00e0 c\u00f4t\u00e9 de chez vous.<\/p>\n\n\n\n<p>B.MARKET, qui est propri\u00e9taire de ce site, est une start-up n\u00e9e de la volont\u00e9 de faciliter les \u00e9changes entre fabricants et leurs potentiels clients. Nous ambitionnons d\u2019\u00eatre un interm\u00e9diaire de qualit\u00e9 entre ces deux acteurs \u00e9conomiques.<\/p>\n\n\n\n<p>Nous participons ainsi \u00e0 rehausser la visibilit\u00e9 et la disponibilit\u00e9 des artisans selon des crit\u00e8res bien d\u00e9finis.<\/p>\n<div class='watch-action'><div class='watch-position align-left'><div class='action-like'><a class='lbg-style1 like-35 jlk' href='javascript:void(0)' data-task='like' data-post_id='35' data-nonce='d5be16a6c1' rel='nofollow'><img class='wti-pixel' src='https:\/\/artisansgabon.com\/wp-content\/plugins\/wti-like-post\/images\/pixel.gif' title='comme' \/><span class='lc-35 lc'>0<\/span><\/a><\/div><div class='action-unlike'><a class='unlbg-style1 unlike-35 jlk' href='javascript:void(0)' data-task='unlike' data-post_id='35' data-nonce='d5be16a6c1' rel='nofollow'><img class='wti-pixel' src='https:\/\/artisansgabon.com\/wp-content\/plugins\/wti-like-post\/images\/pixel.gif' title='contrairement \u00e0' \/><span class='unlc-35 unlc'>0<\/span><\/a><\/div> <\/div> <div class='status-35 status align-left'><\/div><\/div><div class='wti-clear'><\/div>","protected":false},"excerpt":{"rendered":"<p>Ce site est cr\u00e9\u00e9e dans le but de mettre en relation des personnes en recherche d\u2019un d\u00e9pannage ou \u00e0 la recherche de r\u00e9alisateur(s) de travaux ou ouvrage(s) plus ou moins grands. Ce site est id\u00e9al en ce qu\u2019il vous pr\u00e9sente des entreprenants de tr\u00e8s hautes qualit\u00e9s capable de d\u00e9livrer des services avec un excellent rapport [&hellip;]<\/p>\n","protected":false},"author":1,"featured_media":0,"parent":0,"menu_order":0,"comment_status":"closed","ping_status":"closed","template":"","meta":{"_acf_changed":false,"footnotes":""},"class_list":["post-35","page","type-page","status-publish","hentry"],"acf":[],"_links":{"self":[{"href":"https:\/\/artisansgabon.com\/home\/wp-json\/wp\/v2\/pages\/35","targetHints":{"allow":["GET"]}}],"collection":[{"href":"https:\/\/artisansgabon.com\/home\/wp-json\/wp\/v2\/pages"}],"about":[{"href":"https:\/\/artisansgabon.com\/home\/wp-json\/wp\/v2\/types\/page"}],"author":[{"embeddable":true,"href":"https:\/\/artisansgabon.com\/home\/wp-json\/wp\/v2\/users\/1"}],"replies":[{"embeddable":true,"href":"https:\/\/artisansgabon.com\/home\/wp-json\/wp\/v2\/comments?post=35"}],"version-history":[{"count":1,"href":"https:\/\/artisansgabon.com\/home\/wp-json\/wp\/v2\/pages\/35\/revisions"}],"predecessor-version":[{"id":36,"href":"https:\/\/artisansgabon.com\/home\/wp-json\/wp\/v2\/pages\/35\/revisions\/36"}],"wp:attachment":[{"href":"https:\/\/artisansgabon.com\/home\/wp-json\/wp\/v2\/media?parent=35"}],"curies":[{"name":"wp","href":"https:\/\/api.w.org\/{rel}","templated":true}]}}